{"id":1182,"date":"2024-07-12T19:40:00","date_gmt":"2024-07-12T19:40:00","guid":{"rendered":"https:\/\/tolok.mx\/?page_id=1182"},"modified":"2024-12-09T20:44:34","modified_gmt":"2024-12-09T20:44:34","slug":"elementor-1182","status":"publish","type":"page","link":"https:\/\/tolok.mx\/?page_id=1182","title":{"rendered":"Planta 2 Tolok"},"content":{"rendered":"\t\t<div data-elementor-type=\"wp-page\" data-elementor-id=\"1182\" class=\"elementor elementor-1182\" data-elementor-post-type=\"page\">\n\t\t\t\t\t\t<section class=\"elementor-section elementor-top-section elementor-element elementor-element-4017b02b elementor-section-boxed elementor-section-height-default elementor-section-height-default\" data-id=\"4017b02b\" data-element_type=\"section\">\n\t\t\t\t\t\t<div class=\"elementor-container elementor-column-gap-default\">\n\t\t\t\t\t<div class=\"elementor-column elementor-col-100 elementor-top-column elementor-element elementor-element-2d8ff02e\" data-id=\"2d8ff02e\" data-element_type=\"column\">\n\t\t\t<div class=\"elementor-widget-wrap elementor-element-populated\">\n\t\t\t\t\t\t<div class=\"elementor-element elementor-element-731f9eef elementor-widget elementor-widget-html\" data-id=\"731f9eef\" data-element_type=\"widget\" data-widget_type=\"html.default\">\n\t\t\t\t<div class=\"elementor-widget-container\">\n\t\t\t<!DOCTYPE html>\n<html lang=\"en\">\n<head>\n    <meta charset=\"UTF-8\">\n    <meta name=\"viewport\" content=\"width=device-width, initial-scale=1.0\">\n    <title>Responsive Menu<\/title>\n    <style>\n        @import url('https:\/\/fonts.googleapis.com\/css2?family=IBM+Plex+Serif:wght@500&display=swap');\n\n        body {\n            margin: 0;\n            font-family: 'IBM Plex Serif', serif;\n        }\n\n        .navbar {\n            display: flex;\n            justify-content: center;\n            align-items: center;\n            background: transparent;\n            padding: 10px;\n        }\n\n        .navbar a {\n            color: #2C5A6B;\n            text-decoration: none;\n            padding: 15px;\n            font-size: 18px;\n        }\n\n        .navbar a:hover {\n            color: #B7946F;\n        }\n\n        .navbar .logo {\n            margin: 0 30px;\n        }\n\n        .navbar .dropdown {\n            position: relative;\n            display: inline-block;\n        }\n\n        .navbar .dropdown-content {\n            display: none;\n            position: absolute;\n            background-color: #f9f9f9;\n            min-width: 160px;\n            box-shadow: 0px 8px 16px 0px rgba(0,0,0,0.2);\n            z-index: 1;\n        }\n\n        .navbar .dropdown-content a {\n            color: #2C5A6B;\n            padding: 12px 16px;\n            text-decoration: none;\n            display: block;\n        }\n\n        .navbar .dropdown-content a:hover {\n            background-color: #f1f1f1;\n            color: #B7946F;\n        }\n\n        .navbar .dropdown:hover .dropdown-content {\n            display: block;\n        }\n\n        @media (max-width: 768px) {\n            .navbar {\n                flex-direction: column;\n            }\n\n            .navbar .logo {\n                margin: 10px 0;\n            }\n        }\n    <\/style>\n<\/head>\n<body>\n    <div class=\"navbar\">\n        <a href=\"https:\/\/tolok.mx\/\">HOME<\/a>\n        <div class=\"dropdown\">\n            <a href=\"https:\/\/tolok.mx\/?page_id=1073\">CONDOS<\/a>\n            <div class=\"dropdown-content\">\n                <a href=\"https:\/\/tolok.mx\/?page_id=1073\">FLOORPLANS<\/a>\n            <\/div>\n        <\/div>\n        <a href=\"https:\/\/tolok.mx\/?page_id=1282\">AMENITIES<\/a>\n        <div class=\"logo\">\n            <img decoding=\"async\" src=\"https:\/\/tolok.mx\/wp-content\/uploads\/2024\/07\/Tolok-O-iguana-8.png\" alt=\"Logo\" style=\"height: 50px;\">\n        <\/div>\n        <a href=\"https:\/\/tolok.mx\/?page_id=57\">GALLERY<\/a>\n        <a href=\"https:\/\/tolok.mx\/?page_id=1482\">NIEGHBORHOOD<\/a>\n    <\/div>\n<\/body>\n<\/html>\t\t<\/div>\n\t\t\t\t<\/div>\n\t\t\t\t\t<\/div>\n\t\t<\/div>\n\t\t\t\t\t<\/div>\n\t\t<\/section>\n\t\t\t\t<section class=\"elementor-section elementor-top-section elementor-element elementor-element-634ead81 elementor-section-boxed elementor-section-height-default elementor-section-height-default\" data-id=\"634ead81\" data-element_type=\"section\">\n\t\t\t\t\t\t<div class=\"elementor-container elementor-column-gap-default\">\n\t\t\t\t\t<div class=\"elementor-column elementor-col-100 elementor-top-column elementor-element elementor-element-56e6443f\" data-id=\"56e6443f\" data-element_type=\"column\">\n\t\t\t<div class=\"elementor-widget-wrap elementor-element-populated\">\n\t\t\t\t\t\t<div class=\"elementor-element elementor-element-4c26a803 elementor-widget elementor-widget-spacer\" data-id=\"4c26a803\" data-element_type=\"widget\" data-widget_type=\"spacer.default\">\n\t\t\t\t<div class=\"elementor-widget-container\">\n\t\t\t<style>\/*! elementor - v3.22.0 - 26-06-2024 *\/\n.elementor-column .elementor-spacer-inner{height:var(--spacer-size)}.e-con{--container-widget-width:100%}.e-con-inner>.elementor-widget-spacer,.e-con>.elementor-widget-spacer{width:var(--container-widget-width,var(--spacer-size));--align-self:var(--container-widget-align-self,initial);--flex-shrink:0}.e-con-inner>.elementor-widget-spacer>.elementor-widget-container,.e-con>.elementor-widget-spacer>.elementor-widget-container{height:100%;width:100%}.e-con-inner>.elementor-widget-spacer>.elementor-widget-container>.elementor-spacer,.e-con>.elementor-widget-spacer>.elementor-widget-container>.elementor-spacer{height:100%}.e-con-inner>.elementor-widget-spacer>.elementor-widget-container>.elementor-spacer>.elementor-spacer-inner,.e-con>.elementor-widget-spacer>.elementor-widget-container>.elementor-spacer>.elementor-spacer-inner{height:var(--container-widget-height,var(--spacer-size))}.e-con-inner>.elementor-widget-spacer.elementor-widget-empty,.e-con>.elementor-widget-spacer.elementor-widget-empty{position:relative;min-height:22px;min-width:22px}.e-con-inner>.elementor-widget-spacer.elementor-widget-empty .elementor-widget-empty-icon,.e-con>.elementor-widget-spacer.elementor-widget-empty .elementor-widget-empty-icon{position:absolute;top:0;bottom:0;left:0;right:0;margin:auto;padding:0;width:22px;height:22px}<\/style>\t\t<div class=\"elementor-spacer\">\n\t\t\t<div class=\"elementor-spacer-inner\"><\/div>\n\t\t<\/div>\n\t\t\t\t<\/div>\n\t\t\t\t<\/div>\n\t\t\t\t<div class=\"elementor-element elementor-element-6052bfc elementor-widget elementor-widget-heading\" data-id=\"6052bfc\" data-element_type=\"widget\" data-widget_type=\"heading.default\">\n\t\t\t\t<div class=\"elementor-widget-container\">\n\t\t\t<style>\/*! elementor - v3.22.0 - 26-06-2024 *\/\n.elementor-heading-title{padding:0;margin:0;line-height:1}.elementor-widget-heading .elementor-heading-title[class*=elementor-size-]>a{color:inherit;font-size:inherit;line-height:inherit}.elementor-widget-heading .elementor-heading-title.elementor-size-small{font-size:15px}.elementor-widget-heading .elementor-heading-title.elementor-size-medium{font-size:19px}.elementor-widget-heading .elementor-heading-title.elementor-size-large{font-size:29px}.elementor-widget-heading .elementor-heading-title.elementor-size-xl{font-size:39px}.elementor-widget-heading .elementor-heading-title.elementor-size-xxl{font-size:59px}<\/style><h2 class=\"elementor-heading-title elementor-size-default\">Second floor<\/h2>\t\t<\/div>\n\t\t\t\t<\/div>\n\t\t\t\t\t<\/div>\n\t\t<\/div>\n\t\t\t\t\t<\/div>\n\t\t<\/section>\n\t\t\t\t<section class=\"elementor-section elementor-top-section elementor-element elementor-element-48ef3038 elementor-section-boxed elementor-section-height-default elementor-section-height-default\" data-id=\"48ef3038\" data-element_type=\"section\">\n\t\t\t\t\t\t<div class=\"elementor-container elementor-column-gap-default\">\n\t\t\t\t\t<div class=\"elementor-column elementor-col-100 elementor-top-column elementor-element elementor-element-14808e9d\" data-id=\"14808e9d\" data-element_type=\"column\">\n\t\t\t<div class=\"elementor-widget-wrap elementor-element-populated\">\n\t\t\t\t\t\t<div class=\"elementor-element elementor-element-344b4877 elementor-widget elementor-widget-spacer\" data-id=\"344b4877\" data-element_type=\"widget\" data-widget_type=\"spacer.default\">\n\t\t\t\t<div class=\"elementor-widget-container\">\n\t\t\t\t\t<div class=\"elementor-spacer\">\n\t\t\t<div class=\"elementor-spacer-inner\"><\/div>\n\t\t<\/div>\n\t\t\t\t<\/div>\n\t\t\t\t<\/div>\n\t\t\t\t\t<\/div>\n\t\t<\/div>\n\t\t\t\t\t<\/div>\n\t\t<\/section>\n\t\t\t\t<section class=\"elementor-section elementor-top-section elementor-element elementor-element-18233a8 elementor-section-boxed elementor-section-height-default elementor-section-height-default elementor-invisible\" data-id=\"18233a8\" data-element_type=\"section\" data-settings=\"{&quot;animation&quot;:&quot;fadeIn&quot;}\">\n\t\t\t\t\t\t<div class=\"elementor-container elementor-column-gap-default\">\n\t\t\t\t\t<div class=\"elementor-column elementor-col-100 elementor-top-column elementor-element elementor-element-3de6f0c2\" data-id=\"3de6f0c2\" data-element_type=\"column\">\n\t\t\t<div class=\"elementor-widget-wrap elementor-element-populated\">\n\t\t\t\t\t\t<div class=\"elementor-element elementor-element-52644f6e elementor-widget elementor-widget-html\" data-id=\"52644f6e\" data-element_type=\"widget\" data-widget_type=\"html.default\">\n\t\t\t\t<div class=\"elementor-widget-container\">\n\t\t\t<div class=\"custom-gallery\">\r\n  <a href=\"#\" class=\"gallery-item\" data-large=\"https:\/\/tolok.mx\/wp-content\/uploads\/2024\/07\/Plano-Planta-1-2-y-3-Tolok-desarrollo-en-Cozumel.jpg\">\r\n    <img decoding=\"async\" src=\"https:\/\/tolok.mx\/wp-content\/uploads\/2024\/07\/Plano-Planta-1-2-y-3-Tolok-desarrollo-en-Cozumel.jpg\" alt=\"Imagen 1\">\r\n  <\/a>\r\n  <a href=\"#\" class=\"gallery-item\" data-large=\"https:\/\/tolok.mx\/wp-content\/uploads\/2024\/07\/Planta-1-2-y-3-Tolok-desarrollo-en-Cozumel.jpg\">\r\n    <img decoding=\"async\" src=\"https:\/\/tolok.mx\/wp-content\/uploads\/2024\/07\/Planta-1-2-y-3-Tolok-desarrollo-en-Cozumel.jpg\" alt=\"Imagen 2\">\r\n  <\/a>\r\n  <!-- A\u00f1ade m\u00e1s elementos de galer\u00eda seg\u00fan sea necesario -->\r\n\r\n<div id=\"lightbox\" class=\"lightbox\">\r\n  <span class=\"close\">&times;<\/span>\r\n  <img class=\"lightbox-content\" id=\"lightbox-img\">\r\n  <div class=\"buttons\">\r\n    <button class=\"button-top-left\" onclick=\"location.href='https:\/\/tolok.mx\/wp-content\/uploads\/2024\/07\/Departamento-201-Tolok-desarrollo-en-cozumel.jpg'\">201<\/button>\r\n    <button class=\"button-top-right\" onclick=\"location.href='https:\/\/tolok.mx\/wp-content\/uploads\/2024\/07\/Departamento-204-Tolok-desarrollo-en-cozumel-copia.jpg'\">204<\/button>\r\n    <button class=\"button-bottom-left\" onclick=\"location.href='https:\/\/tolok.mx\/wp-content\/uploads\/2024\/07\/Departamento-202-Tolok-desarrollo-en-cozumel.jpg'\">202<\/button>\r\n    <button class=\"button-bottom-right\" onclick=\"location.href='https:\/\/tolok.mx\/wp-content\/uploads\/2024\/07\/Departamento-203-Tolok-Desarrollo-en-Cozumel.jpg'\">203<\/button>\r\n  <\/div>\r\n  <\/div>\r\n<script>\r\ndocument.addEventListener('DOMContentLoaded', function () {\r\n  const galleryItems = document.querySelectorAll('.gallery-item');\r\n  const lightbox = document.getElementById('lightbox');\r\n  const lightboxImg = document.getElementById('lightbox-img');\r\n  const closeBtn = document.querySelector('.lightbox .close');\r\n\r\n  galleryItems.forEach(item => {\r\n    item.addEventListener('click', function (event) {\r\n      event.preventDefault();\r\n      const largeImageURL = this.getAttribute('data-large');\r\n      lightboxImg.src = largeImageURL;\r\n      lightbox.style.display = 'flex';\r\n    });\r\n  });\r\n\r\n  closeBtn.addEventListener('click', function () {\r\n    lightbox.style.display = 'none';\r\n  });\r\n\r\n  lightbox.addEventListener('click', function (event) {\r\n    if (event.target === lightbox) {\r\n      lightbox.style.display = 'none';\r\n    }\r\n  });\r\n});\r\n<\/script>\r\n\t\t<\/div>\n\t\t\t\t<\/div>\n\t\t\t\t\t<\/div>\n\t\t<\/div>\n\t\t\t\t\t<\/div>\n\t\t<\/section>\n\t\t\t\t<section class=\"elementor-section elementor-top-section elementor-element elementor-element-4d469b32 elementor-section-boxed elementor-section-height-default elementor-section-height-default\" data-id=\"4d469b32\" data-element_type=\"section\" data-settings=\"{&quot;background_background&quot;:&quot;classic&quot;}\">\n\t\t\t\t\t\t<div class=\"elementor-container elementor-column-gap-default\">\n\t\t\t\t\t<div class=\"elementor-column elementor-col-100 elementor-top-column elementor-element elementor-element-35904c9e\" data-id=\"35904c9e\" data-element_type=\"column\">\n\t\t\t<div class=\"elementor-widget-wrap elementor-element-populated\">\n\t\t\t\t\t\t<div class=\"elementor-element elementor-element-d1e0c1f elementor-align-center elementor-widget elementor-widget-button\" data-id=\"d1e0c1f\" data-element_type=\"widget\" data-widget_type=\"button.default\">\n\t\t\t\t<div class=\"elementor-widget-container\">\n\t\t\t\t\t<div class=\"elementor-button-wrapper\">\n\t\t\t<a class=\"elementor-button elementor-button-link elementor-size-xl\" href=\"https:\/\/drive.google.com\/file\/d\/1pJdnk1fC5UC4_yCXC81jsiJxvQkjObSs\/view?usp=sharing\">\n\t\t\t\t\t\t<span class=\"elementor-button-content-wrapper\">\n\t\t\t\t\t\t\t\t\t<span class=\"elementor-button-text\">take a look in brochure<\/span>\n\t\t\t\t\t<\/span>\n\t\t\t\t\t<\/a>\n\t\t<\/div>\n\t\t\t\t<\/div>\n\t\t\t\t<\/div>\n\t\t\t\t\t<\/div>\n\t\t<\/div>\n\t\t\t\t\t<\/div>\n\t\t<\/section>\n\t\t\t\t<section class=\"elementor-section elementor-top-section elementor-element elementor-element-db75d84 elementor-section-boxed elementor-section-height-default elementor-section-height-default\" data-id=\"db75d84\" data-element_type=\"section\">\n\t\t\t\t\t\t<div class=\"elementor-container elementor-column-gap-default\">\n\t\t\t\t\t<div class=\"elementor-column elementor-col-100 elementor-top-column elementor-element elementor-element-d551dbe\" data-id=\"d551dbe\" data-element_type=\"column\">\n\t\t\t<div class=\"elementor-widget-wrap elementor-element-populated\">\n\t\t\t\t\t\t<div class=\"elementor-element elementor-element-1928 elementor-fixed animated-slow e-transform e-transform elementor-view-default elementor-invisible elementor-widget elementor-widget-global elementor-global-1928 elementor-widget-icon\" data-id=\"1928\" data-element_type=\"widget\" data-settings=\"{&quot;_position&quot;:&quot;fixed&quot;,&quot;_animation&quot;:&quot;bounceIn&quot;,&quot;_transform_translateX_effect&quot;:{&quot;unit&quot;:&quot;px&quot;,&quot;size&quot;:&quot;&quot;,&quot;sizes&quot;:[]},&quot;_transform_translateX_effect_tablet&quot;:{&quot;unit&quot;:&quot;px&quot;,&quot;size&quot;:&quot;&quot;,&quot;sizes&quot;:[]},&quot;_transform_translateX_effect_mobile&quot;:{&quot;unit&quot;:&quot;px&quot;,&quot;size&quot;:&quot;&quot;,&quot;sizes&quot;:[]},&quot;_transform_translateY_effect&quot;:{&quot;unit&quot;:&quot;px&quot;,&quot;size&quot;:&quot;&quot;,&quot;sizes&quot;:[]},&quot;_transform_translateY_effect_tablet&quot;:{&quot;unit&quot;:&quot;px&quot;,&quot;size&quot;:&quot;&quot;,&quot;sizes&quot;:[]},&quot;_transform_translateY_effect_mobile&quot;:{&quot;unit&quot;:&quot;px&quot;,&quot;size&quot;:&quot;&quot;,&quot;sizes&quot;:[]},&quot;_transform_skewX_effect&quot;:{&quot;unit&quot;:&quot;px&quot;,&quot;size&quot;:&quot;&quot;,&quot;sizes&quot;:[]},&quot;_transform_skewX_effect_tablet&quot;:{&quot;unit&quot;:&quot;deg&quot;,&quot;size&quot;:&quot;&quot;,&quot;sizes&quot;:[]},&quot;_transform_skewX_effect_mobile&quot;:{&quot;unit&quot;:&quot;deg&quot;,&quot;size&quot;:&quot;&quot;,&quot;sizes&quot;:[]},&quot;_transform_skewY_effect&quot;:{&quot;unit&quot;:&quot;px&quot;,&quot;size&quot;:&quot;&quot;,&quot;sizes&quot;:[]},&quot;_transform_skewY_effect_tablet&quot;:{&quot;unit&quot;:&quot;deg&quot;,&quot;size&quot;:&quot;&quot;,&quot;sizes&quot;:[]},&quot;_transform_skewY_effect_mobile&quot;:{&quot;unit&quot;:&quot;deg&quot;,&quot;size&quot;:&quot;&quot;,&quot;sizes&quot;:[]}}\" data-widget_type=\"icon.default\">\n\t\t\t\t<div class=\"elementor-widget-container\">\n\t\t\t\t\t<div class=\"elementor-icon-wrapper\">\n\t\t\t<a class=\"elementor-icon\" href=\"https:\/\/wa.me\/529982229696\">\n\t\t\t<i aria-hidden=\"true\" class=\"fab fa-whatsapp-square\"><\/i>\t\t\t<\/a>\n\t\t<\/div>\n\t\t\t\t<\/div>\n\t\t\t\t<\/div>\n\t\t\t\t\t<\/div>\n\t\t<\/div>\n\t\t\t\t\t<\/div>\n\t\t<\/section>\n\t\t\t\t<\/div>\n\t\t","protected":false},"excerpt":{"rendered":"<p>Responsive Menu HOME CONDOS FLOORPLANS AMENITIES GALLERY NIEGHBORHOOD Second floor &times; 201 204 202 203 take a look in brochure<\/p>\n","protected":false},"author":1,"featured_media":0,"parent":0,"menu_order":0,"comment_status":"closed","ping_status":"closed","template":"elementor_header_footer","meta":{"om_disable_all_campaigns":false,"_monsterinsights_skip_tracking":false,"_monsterinsights_sitenote_active":false,"_monsterinsights_sitenote_note":"","_monsterinsights_sitenote_category":0,"footnotes":""},"class_list":["post-1182","page","type-page","status-publish","hentry"],"aioseo_notices":[],"_links":{"self":[{"href":"https:\/\/tolok.mx\/index.php?rest_route=\/wp\/v2\/pages\/1182","targetHints":{"allow":["GET"]}}],"collection":[{"href":"https:\/\/tolok.mx\/index.php?rest_route=\/wp\/v2\/pages"}],"about":[{"href":"https:\/\/tolok.mx\/index.php?rest_route=\/wp\/v2\/types\/page"}],"author":[{"embeddable":true,"href":"https:\/\/tolok.mx\/index.php?rest_route=\/wp\/v2\/users\/1"}],"replies":[{"embeddable":true,"href":"https:\/\/tolok.mx\/index.php?rest_route=%2Fwp%2Fv2%2Fcomments&post=1182"}],"version-history":[{"count":68,"href":"https:\/\/tolok.mx\/index.php?rest_route=\/wp\/v2\/pages\/1182\/revisions"}],"predecessor-version":[{"id":2420,"href":"https:\/\/tolok.mx\/index.php?rest_route=\/wp\/v2\/pages\/1182\/revisions\/2420"}],"wp:attachment":[{"href":"https:\/\/tolok.mx\/index.php?rest_route=%2Fwp%2Fv2%2Fmedia&parent=1182"}],"curies":[{"name":"wp","href":"https:\/\/api.w.org\/{rel}","templated":true}]}}