{"id":2346,"date":"2024-10-14T23:31:17","date_gmt":"2024-10-14T23:31:17","guid":{"rendered":"https:\/\/tolok.mx\/?page_id=2346"},"modified":"2026-03-31T20:03:00","modified_gmt":"2026-03-31T20:03:00","slug":"privacy","status":"publish","type":"page","link":"https:\/\/tolok.mx\/?page_id=2346","title":{"rendered":"Privacy"},"content":{"rendered":"\n<p><strong>AVISO DE PRIVACIDAD<\/strong><\/p>\n\n\n\n<p>Conforme a lo previsto en la Ley Federal de Protecci\u00f3n de Datos Personales en Posesi\u00f3n de los Particulares, hacemos de su conocimiento, que&nbsp;<strong>CLUB 41 WTC S.A.P.I. DE C.V.<\/strong>, quien comercialmente usa el nombre de <strong>TOLOK<\/strong>, con domicilio en&nbsp;Calle Montecito N\u00famero 38 Piso 27 oficina 25, Colonia N\u00e1poles, Alcald\u00eda Benito Ju\u00e1rez, C.P. 03810,&nbsp;en caso de recabar sus datos personales, se hace responsable de los mismos en cuanto al uso, seguridad y confidencialidad que se le dar\u00e1 a los mismos y al respecto le informamos lo siguiente:<\/p>\n\n\n\n<p><strong>&nbsp;I.-<\/strong><strong>&nbsp;<\/strong><strong><u>Finalidad de solicitar sus Datos Personales<\/u><\/strong><\/p>\n\n\n\n<p>Los fines para los que recabamos y utilizamos sus datos personales son:<\/p>\n\n\n\n<ul class=\"wp-block-list\">\n<li>Otorgar servicios de arrendamiento de inmuebles, compra, venta y comercializaci\u00f3n de los mismos.<\/li>\n\n\n\n<li>Ejecutar todos los actos y celebrar todos los contratos relacionados con el objeto de nuestra activad.&nbsp;<\/li>\n\n\n\n<li>Para proveer los servicios y productos que ha solicitado<\/li>\n\n\n\n<li>evaluar la calidad del servicio que le brindamos<\/li>\n\n\n\n<li>informarle sobre cambios en los mismos<\/li>\n<\/ul>\n\n\n\n<p><strong>II.-<u> Medios para recabar los Datos Personales<\/u><\/strong><\/p>\n\n\n\n<p>Para las finalidades se\u00f1aladas, podemos recabar sus datos personales por diferentes medios:<\/p>\n\n\n\n<ul class=\"wp-block-list\">\n<li>Mediante el uso de correos electr\u00f3nicos.<\/li>\n\n\n\n<li>Cuando usted nos los proporciona directamente.<\/li>\n\n\n\n<li>Cuando se comunica v\u00eda telef\u00f3nica con nosotros (incluyendo centros de atenci\u00f3n a clientes).<\/li>\n\n\n\n<li>Mediante mensajes cortos de texto (SMS).<\/li>\n\n\n\n<li>Mediante fuentes de acceso p\u00fablico y de otras fuentes permitidas por la ley, como directorios telef\u00f3nicos.<\/li>\n<\/ul>\n\n\n\n<p><strong>III.-<u> Datos Personales que se solicitan<\/u><\/strong><\/p>\n\n\n\n<p>Los datos personales que se solicitan, dependiendo las finalidades para las que se recaban, son:&nbsp;nombrecompleto, tel\u00e9fono fijo y\/o celular, direcci\u00f3n, correo electr\u00f3nico, RFC, nombre de la empresas y nombre del representante legal.<\/p>\n\n\n\n<p><strong>IV.-<u> Responsable de los Datos Personales<\/u><\/strong><\/p>\n\n\n\n<p>Hemos destinado a nuestro Departamento de atenci\u00f3n al cliente como responsable de la custodia de los Datos Personales, el cual dar\u00e1 tr\u00e1mite a las solicitudes y fomentar\u00e1 la protecci\u00f3n de los Datos Personales al interior de la empresa.<\/p>\n\n\n\n<p>Al igual, en caso de que no desee que sus datos personales sean tratados para estos fines como responsable de de la custodia de los Datos Personales, el cual dar\u00e1 tr\u00e1mite a las solicitudes y fomentar\u00e1 la protecci\u00f3n de los Datos Personales al interior de la empresa.<\/p>\n\n\n\n<p>Las formas de contacto son:<\/p>\n\n\n\n<p>Domicilio: Montecito 38, Piso 27 Oficina 23, Colonia N\u00e1poles, Alcald\u00eda Benito Ju\u00e1rez, Ciudad de M\u00e9xico.<\/p>\n\n\n\n<p>Tel\u00e9fono: 55 90 01 07 28<\/p>\n\n\n\n<p>Correo electr\u00f3nico: juridico@grupocantarell.com<\/p>\n\n\n\n<p>La negativa para el uso de sus datos personales para estas finalidades no podr\u00e1 ser un motivo para que le neguemos los servicios y productos que solicita o contrate con nosotros.<\/p>\n\n\n\n<p><strong>V.-<u> Derechos ARCO<\/u><\/strong><\/p>\n\n\n\n<p>Usted tiene derecho de&nbsp;<strong>Acceder<\/strong><strong>&nbsp;<\/strong>a sus datos personales que poseemos y a los detalles del tratamiento de los mismos, as\u00ed como a&nbsp;<strong>Rectificarlos<\/strong>&nbsp;en caso de ser inexactos o incompletos;&nbsp;<strong>Cancelarlos<\/strong>&nbsp;cuando considere que no se requieren para alguna de las finalidades se\u00f1alados en el presente aviso de privacidad, est\u00e9n siendo utilizados para finalidades no consentidas o haya finalizado la relaci\u00f3n contractual o de servicio, o bien,&nbsp;<strong>Oponerse<\/strong>&nbsp;al tratamiento de los mismos para fines espec\u00edficos.<\/p>\n\n\n\n<p><strong>VI.-<u> Como ejercer sus derechos ARCO<\/u><\/strong><\/p>\n\n\n\n<p>Para el ejercicio de cualquiera de los derechos ARCO, usted deber\u00e1 presentar la solicitud respectiva en&nbsp;nuestro departamento JURIDICO en Montecito 38 Piso 27 Oficina 23, Colonia N\u00e1poles, Alcald\u00eda Benito Juarez, Cp. 03810, Ciudad de M\u00e9xico,&nbsp; o bien enviar un correo electr\u00f3nico a juridico@grupocantarell.com, solicitando hacer validos sus derechos ARCO.<\/p>\n\n\n\n<p>Para conocer el procedimiento y requisitos para el ejercicio de los derechos ARCO, usted podr\u00e1 llamar al siguiente n\u00famero telef\u00f3nico 55 9001 0728; ingresar a nuestro sitio de Internet <a href=\"http:\/\/www.grupocantarell.com\">www.grupocantarell.com<\/a> a la secci\u00f3n PRIVACIDAD, o bien ponerse en contacto con nuestro Departamento de atenci\u00f3n al cliente, que dar\u00e1 tr\u00e1mite a las solicitudes para el ejercicio de estos derechos, y atender\u00e1 cualquier duda que pudiera tener respecto al tratamiento de su informaci\u00f3n.<\/p>\n\n\n\n<p><strong>VII.- Procedimiento para ejercer sus derechos ARCO<\/strong><\/p>\n\n\n\n<p>Para la presentaci\u00f3n de la solicitud deber\u00e1 contener por lo menos lo siguiente:<\/p>\n\n\n\n<ul class=\"wp-block-list\">\n<li>Nombre completo, domicilio y correo electr\u00f3nico y tel\u00e9fono del titular de los Datos Personales, u otro medio para comunicarle la respuesta a su solicitud.<\/li>\n\n\n\n<li>Documentos que acrediten la identidad o la representaci\u00f3n legal del titular de los Datos Personales.<\/li>\n\n\n\n<li>Descripci\u00f3n clara y precisa de los Datos Personales respecto de los que se busca ejercer alguno de los derechos antes mencionados.<\/li>\n\n\n\n<li>Cualquier otro elemento o documento que facilite la localizaci\u00f3n de los Datos Personales.<\/li>\n\n\n\n<li>Indicar las modificaciones a realizarse y\/o las limitaciones al uso de los Datos Personales, conforme a lo establecido en el apartado 6.2. del presente Aviso de Privacidad.<\/li>\n\n\n\n<li>Aportar la documentaci\u00f3n que sustente su petici\u00f3n.<\/li>\n<\/ul>\n\n\n\n<p><strong>VIII.-<u> Transferencia de Datos<\/u><\/strong><\/p>\n\n\n\n<p><strong>TOLOK <\/strong>podr\u00e1 transferir sus datos personales a terceros con los que mantenga una relaci\u00f3n jur\u00eddica, \u00fanicamente con el fin de cumplir con las finalidades descritas en el Aviso de Privacidad. <strong>TOLOK <\/strong>tambi\u00e9n podr\u00e1 transferir sus datos personales en los casos espec\u00edficamente previstos en la Ley.<\/p>\n\n\n\n<p><strong>IX.-<u> Redes Sociales<\/u><\/strong><\/p>\n\n\n\n<p>Las redes sociales como, Facebook, Twitter y Linkedin, entre otras, constituyen una plataforma de comunicaci\u00f3n y de interconexi\u00f3n entre plataformas digitales de los distintos usuarios, por lo que, son ajenas a <strong>TOLOK <\/strong>y, por lo tanto, no se encuentran bajo nuestra responsabilidad. La informaci\u00f3n que proporcione dentro de redes sociales en las que <strong>TOLOK <\/strong>participa como usuario, no constituyen, ni forman parte de los Datos Personales sujetos a la protecci\u00f3n de este Aviso de Privacidad, siendo responsabilidad de la empresa prestadora de esa plataforma y de quien lo publica.<\/p>\n\n\n\n<p><strong>X.-<u> Uso de Cookies<\/u><\/strong><\/p>\n\n\n\n<p>El prestador por su propia cuenta o la de un tercero contratado para la prestaci\u00f3n de servicios de medici\u00f3n, pueden utilizar cookies cuando un usuario navega por el sitio web. Las cookies son ficheros enviados al navegador por medio de un servidor web con la finalidad de registrar las actividades del usuario durante su tiempo de navegaci\u00f3n.<\/p>\n\n\n\n<p>Las cookies utilizadas por el sitio web se asocian \u00fanicamente con un usuario an\u00f3nimo y su ordenador, y no proporcionan por s\u00ed mismas los datos personales del usuario.<\/p>\n\n\n\n<p>Mediante el uso de las cookies resulta posible que el servidor donde se encuentra la web, reconozca el navegador web utilizado por el usuario con la finalidad de que la navegaci\u00f3n sea m\u00e1s sencilla, permitiendo, por ejemplo, el acceso a los usuarios que se hayan registrado previamente, acceder a las \u00e1reas, servicios, promociones o concursos reservados exclusivamente a ellos sin tener que registrarse en cada visita. Se utilizan tambi\u00e9n para medir la audiencia y par\u00e1metros del tr\u00e1fico, controlar el progreso y n\u00famero de entradas.<\/p>\n\n\n\n<p>El usuario tiene la posibilidad de configurar su navegador para ser avisado de la recepci\u00f3n de cookies y para impedir su instalaci\u00f3n en su equipo. Por favor, consulte las instrucciones y manuales de su navegador para ampliar esta informaci\u00f3n.<\/p>\n\n\n\n<p>Para utilizar el sitio web, no resulta necesario que el usuario permita la instalaci\u00f3n de las cookies enviadas por el sitio web, o el tercero que act\u00fae en su nombre, sin perjuicio de que sea necesario que el usuario inicie una sesi\u00f3n como tal en cada uno de los servicios cuya prestaci\u00f3n requiera el previo registro o \u201clogin\u201d.<\/p>\n\n\n\n<p>Las cookies utilizadas en este sitio web tienen, en todo caso, car\u00e1cter temporal con la \u00fanica finalidad de hacer m\u00e1s eficaz su transmisi\u00f3n ulterior. En ning\u00fan caso se utilizar\u00e1n las cookies para recoger informaci\u00f3n de car\u00e1cter personal.<\/p>\n\n\n\n<p><strong>XI.-<u> Cambios en el Aviso de Privacidad<\/u><\/strong><\/p>\n\n\n\n<p>Nos reservamos el derecho de efectuar, en cualquier momento, modificaciones o actualizaciones al presente Aviso de Privacidad, para atender reformas legislativas, pol\u00edticas internas o nuevos requerimientos para la prestaci\u00f3n u ofrecimiento de nuestros servicios o productos.<\/p>\n\n\n\n<p>Estas modificaciones estar\u00e1n disponibles al p\u00fablico a trav\u00e9s de anuncios, tr\u00edpticos o folletos visibles en nuestros establecimientos o centros de atenci\u00f3n, en nuestra p\u00e1gina de internet o, se las haremos llegar al \u00faltimo correo electr\u00f3nico que nos haya proporcionado.<\/p>\n\n\n\n<p><strong>Fecha \u00faltima actualizaci\u00f3n: 15 de octubre de 2024<\/strong><\/p>\n\n\n\n<p><strong>Atentamente<\/strong><\/p>\n\n\n\n<p><strong>CLUB 41 WTC S.A.P.I. DE C.V<\/strong><br><br>PRIVACY NOTICE<br>In accordance with the provisions of the Federal Law on Protection of Personal Data Held by Private Parties, we inform you that CLUB 41 WTC S.A.P.I. DE C.V., commercially known as TOLOK, with address at Calle Montecito Number 38, Floor 27, Office 25, Colonia N\u00e1poles, Benito Ju\u00e1rez, C.P. 03810, is responsible for your personal data, should they be collected. We ensure their use, security, and confidentiality, and hereby provide the following information:<\/p>\n\n\n\n<p>I.- Purpose of Requesting Your Personal Data<\/p>\n\n\n\n<p>The purposes for which we collect and use your personal data are: \u2022 To provide property rental, purchase, sale, and marketing services. \u2022 To carry out all acts and execute all contracts related to the objectives of our activities. \u2022 To provide the services and products you have requested. \u2022 To evaluate the quality of the service we provide. \u2022 To inform you of any changes to these services.<\/p>\n\n\n\n<p>II.- Methods of Collecting Personal Data<\/p>\n\n\n\n<p>For the aforementioned purposes, we may collect your personal data through different means: \u2022 By email. \u2022 When you provide them to us directly. \u2022 When you contact us by phone (including customer service centers). \u2022 Through text messages (SMS). \u2022 Through public sources and other legally permitted sources, such as phone directories.<\/p>\n\n\n\n<p>III.- Personal Data Requested<\/p>\n\n\n\n<p>The personal data requested, depending on the purposes for which they are collected, include: full name, landline and\/or mobile phone number, address, email, RFC (Taxpayer Registration), company name, and the name of the legal representative.<\/p>\n\n\n\n<p>IV.- Person Responsible for Personal Data<\/p>\n\n\n\n<p>Our Customer Service Department has been designated as the party responsible for safeguarding personal data. They will handle requests and promote the protection of personal data within the company. If you do not wish your personal data to be processed for these purposes, please inform our Customer Service Department. The contact details are as follows: Address: Montecito 38, Floor 27, Office 23, Colonia N\u00e1poles, Benito Ju\u00e1rez, Mexico City. Phone: 55 90 01 07 28 Email: <a>juridico@grupocantarell.com<\/a><\/p>\n\n\n\n<p>Refusing to allow the use of your personal data for these purposes will not be grounds for us to deny you the services and products you request or contract with us.<\/p>\n\n\n\n<p>V.- ARCO Rights<\/p>\n\n\n\n<p>You have the right to Access your personal data that we hold and the details of their processing, as well as to Rectify them if they are inaccurate or incomplete, Cancel them if you believe they are not needed for the purposes outlined in this Privacy Notice, are being used for purposes not consented to, or if the contractual or service relationship has ended, or to Oppose their processing for specific purposes.<\/p>\n\n\n\n<p>VI.- How to Exercise Your ARCO Rights<\/p>\n\n\n\n<p>To exercise any of your ARCO rights, you must submit the respective request to our LEGAL department at Montecito 38, Floor 27, Office 23, Colonia N\u00e1poles, Benito Ju\u00e1rez, C.P. 03810, Mexico City, or send an email to <a>juridico@grupocantarell.com<\/a>, requesting to exercise your ARCO rights.<\/p>\n\n\n\n<p>To learn about the procedure and requirements for exercising ARCO rights, you may call 55 9001 0728, visit our website at <a href=\"http:\/\/www.grupocantarell.com\">www.grupocantarell.com<\/a> in the PRIVACY section, or contact our Customer Service Department, which will process requests for the exercise of these rights and address any questions you may have regarding the handling of your information.<\/p>\n\n\n\n<p>VII.- Procedure for Exercising Your ARCO Rights<\/p>\n\n\n\n<p>Your request must include the following: \u2022 Full name, address, email, and phone number of the personal data holder, or another means to communicate the response to your request. \u2022 Documents proving the identity or legal representation of the personal data holder. \u2022 Clear and precise description of the personal data for which you seek to exercise any of the aforementioned rights. \u2022 Any other element or document that facilitates the location of the personal data. \u2022 Indicate the changes to be made and\/or the limitations on the use of the personal data, in accordance with section 6.2 of this Privacy Notice. \u2022 Provide the documentation supporting your request.<\/p>\n\n\n\n<p>VIII.- Data Transfer<\/p>\n\n\n\n<p>TOLOK may transfer your personal data to third parties with whom it has a legal relationship, solely for the purpose of fulfilling the objectives described in this Privacy Notice. TOLOK may also transfer your personal data in cases specifically provided for by law.<\/p>\n\n\n\n<p>IX.- Social Media<\/p>\n\n\n\n<p>Social media platforms such as Facebook, Twitter, and LinkedIn, among others, constitute communication platforms independent of TOLOK and are therefore outside our responsibility. Information provided on social media platforms where TOLOK participates as a user does not constitute or form part of the personal data subject to the protection of this Privacy Notice, being the responsibility of the platform provider and the person who publishes it.<\/p>\n\n\n\n<p>X.- Use of Cookies<\/p>\n\n\n\n<p>The service provider, either on their own or through a third party hired for measurement services, may use cookies when a user navigates the website. Cookies are files sent to the browser by a web server to record the user\u2019s activity during navigation. The cookies used by the website are associated solely with an anonymous user and their computer and do not provide the user\u2019s personal data by themselves. Using cookies allows the server where the web is located to recognize the web browser used by the user in order to make navigation easier, for example, enabling access to users who have previously registered to access reserved areas, services, promotions, or contests without having to register at each visit. They are also used to measure audience and traffic parameters and control progress and entries. Users can configure their browser to be notified of the receipt of cookies and to prevent their installation on their devices. Please refer to your browser&#8217;s instructions and manuals for further information. The installation of cookies is not necessary for using the website, although it may be necessary for the user to log in to certain services that require prior registration or \u201clogin.\u201d<\/p>\n\n\n\n<p>XI.- Changes to the Privacy Notice<\/p>\n\n\n\n<p>We reserve the right to make modifications or updates to this Privacy Notice at any time, in response to legislative reforms, internal policies, or new requirements for providing our services or products. These modifications will be made available to the public through notices, brochures, or leaflets displayed in our establishments or service centers, on our website, or they will be sent to the last email address you provided.<\/p>\n\n\n\n<p>Last updated: April 1, 2026<\/p>\n\n\n\n<p>Sincerely,<\/p>\n\n\n\n<p><strong>CLUB 41 WTC S.A.P.I. DE C.V<\/strong><\/p>\n","protected":false},"excerpt":{"rendered":"<p>AVISO DE PRIVACIDAD Conforme a lo previsto en la Ley Federal de Protecci\u00f3n de Datos Personales en Posesi\u00f3n de los Particulares, hacemos de su conocimiento, que&nbsp;CLUB 41 WTC S.A.P.I. DE C.V., quien comercialmente usa el nombre de TOLOK, con domicilio en&nbsp;Calle Montecito N\u00famero 38 Piso 27 oficina 25, Colonia N\u00e1poles, Alcald\u00eda Benito Ju\u00e1rez, C.P. 03810,&nbsp;en [&hellip;]<\/p>\n","protected":false},"author":1,"featured_media":0,"parent":0,"menu_order":0,"comment_status":"closed","ping_status":"closed","template":"","meta":{"om_disable_all_campaigns":false,"_monsterinsights_skip_tracking":false,"_monsterinsights_sitenote_active":false,"_monsterinsights_sitenote_note":"","_monsterinsights_sitenote_category":0,"footnotes":""},"class_list":["post-2346","page","type-page","status-publish","hentry"],"aioseo_notices":[],"_links":{"self":[{"href":"https:\/\/tolok.mx\/index.php?rest_route=\/wp\/v2\/pages\/2346","targetHints":{"allow":["GET"]}}],"collection":[{"href":"https:\/\/tolok.mx\/index.php?rest_route=\/wp\/v2\/pages"}],"about":[{"href":"https:\/\/tolok.mx\/index.php?rest_route=\/wp\/v2\/types\/page"}],"author":[{"embeddable":true,"href":"https:\/\/tolok.mx\/index.php?rest_route=\/wp\/v2\/users\/1"}],"replies":[{"embeddable":true,"href":"https:\/\/tolok.mx\/index.php?rest_route=%2Fwp%2Fv2%2Fcomments&post=2346"}],"version-history":[{"count":3,"href":"https:\/\/tolok.mx\/index.php?rest_route=\/wp\/v2\/pages\/2346\/revisions"}],"predecessor-version":[{"id":2968,"href":"https:\/\/tolok.mx\/index.php?rest_route=\/wp\/v2\/pages\/2346\/revisions\/2968"}],"wp:attachment":[{"href":"https:\/\/tolok.mx\/index.php?rest_route=%2Fwp%2Fv2%2Fmedia&parent=2346"}],"curies":[{"name":"wp","href":"https:\/\/api.w.org\/{rel}","templated":true}]}}